{"id":22872,"date":"2023-06-12T12:51:01","date_gmt":"2023-06-12T09:51:01","guid":{"rendered":"https:\/\/dasakademie.com\/?page_id=22872"},"modified":"2025-10-28T20:53:26","modified_gmt":"2025-10-28T17:53:26","slug":"das-akademie-blog","status":"publish","type":"page","link":"https:\/\/de.dasakademie.com\/es\/das-akademie-blog\/","title":{"rendered":"DAS Blog"},"content":{"rendered":"<div data-elementor-type=\"wp-page\" data-elementor-id=\"22872\" class=\"elementor elementor-22872\" data-elementor-post-type=\"page\">\n\t\t\t\t\t\t<section data-particle_enable=\"false\" data-particle-mobile-disabled=\"false\" class=\"elementor-section elementor-top-section elementor-element elementor-element-701309f elementor-section-height-min-height elementor-section-boxed elementor-section-height-default elementor-section-items-middle\" data-id=\"701309f\" data-element_type=\"section\" data-settings=\"{&quot;background_background&quot;:&quot;classic&quot;,&quot;shape_divider_bottom&quot;:&quot;waves&quot;}\">\n\t\t\t\t\t\t\t<div class=\"elementor-background-overlay\"><\/div>\n\t\t\t\t\t\t<div class=\"elementor-shape elementor-shape-bottom\" aria-hidden=\"true\" data-negative=\"false\">\n\t\t\t<svg xmlns=\"http:\/\/www.w3.org\/2000\/svg\" viewbox=\"0 0 1000 100\" preserveaspectratio=\"none\">\n\t<path class=\"elementor-shape-fill\" d=\"M421.9,6.5c22.6-2.5,51.5,0.4,75.5,5.3c23.6,4.9,70.9,23.5,100.5,35.7c75.8,32.2,133.7,44.5,192.6,49.7\tc23.6,2.1,48.7,3.5,103.4-2.5c54.7-6,106.2-25.6,106.2-25.6V0H0v30.3c0,0,72,32.6,158.4,30.5c39.2-0.7,92.8-6.7,134-22.4\tc21.2-8.1,52.2-18.2,79.7-24.2C399.3,7.9,411.6,7.5,421.9,6.5z\"\/>\n<\/svg>\t\t<\/div>\n\t\t\t\t\t<div class=\"elementor-container elementor-column-gap-default\">\n\t\t\t\t\t<div class=\"elementor-column elementor-col-100 elementor-top-column elementor-element elementor-element-68dd0f4\" data-id=\"68dd0f4\" data-element_type=\"column\">\n\t\t\t<div class=\"elementor-widget-wrap elementor-element-populated\">\n\t\t\t\t\t\t<div class=\"elementor-element elementor-element-3d38944 elementor-widget elementor-widget-heading\" data-id=\"3d38944\" data-element_type=\"widget\" data-widget_type=\"heading.default\">\n\t\t\t\t<div class=\"elementor-widget-container\">\n\t\t\t\t\t<h1 class=\"elementor-heading-title elementor-size-default\">Blog de la Academia DAS<\/h1>\t\t\t\t<\/div>\n\t\t\t\t<\/div>\n\t\t\t\t\t<\/div>\n\t\t<\/div>\n\t\t\t\t\t<\/div>\n\t\t<\/section>\n\t\t\t\t<section data-particle_enable=\"false\" data-particle-mobile-disabled=\"false\" class=\"elementor-section elementor-top-section elementor-element elementor-element-e52b643 elementor-section-boxed elementor-section-height-default elementor-section-height-default\" data-id=\"e52b643\" data-element_type=\"section\" data-settings=\"{&quot;background_background&quot;:&quot;classic&quot;}\">\n\t\t\t\t\t\t\t<div class=\"elementor-background-overlay\"><\/div>\n\t\t\t\t\t\t\t<div class=\"elementor-container elementor-column-gap-default\">\n\t\t\t\t\t<div class=\"elementor-column elementor-col-100 elementor-top-column elementor-element elementor-element-279ce27\" data-id=\"279ce27\" data-element_type=\"column\" data-settings=\"{&quot;animation&quot;:&quot;none&quot;}\">\n\t\t\t<div class=\"elementor-widget-wrap elementor-element-populated\">\n\t\t\t\t\t\t<div class=\"elementor-element elementor-element-840ac88 elementor-widget elementor-widget-heading\" data-id=\"840ac88\" data-element_type=\"widget\" data-widget_type=\"heading.default\">\n\t\t\t\t<div class=\"elementor-widget-container\">\n\t\t\t\t\t<h2 class=\"elementor-heading-title elementor-size-default\">Blog de la Academia DAS<\/h2>\t\t\t\t<\/div>\n\t\t\t\t<\/div>\n\t\t\t\t<div class=\"elementor-element elementor-element-6da9b79 elementor-widget-divider--view-line elementor-widget elementor-widget-divider\" data-id=\"6da9b79\" data-element_type=\"widget\" data-widget_type=\"divider.default\">\n\t\t\t\t<div class=\"elementor-widget-container\">\n\t\t\t\t\t\t\t<div class=\"elementor-divider\">\n\t\t\t<span class=\"elementor-divider-separator\">\n\t\t\t\t\t\t<\/span>\n\t\t<\/div>\n\t\t\t\t\t\t<\/div>\n\t\t\t\t<\/div>\n\t\t\t\t<div class=\"elementor-element elementor-element-8f69e8c elementor-widget elementor-widget-text-editor\" data-id=\"8f69e8c\" data-element_type=\"widget\" data-widget_type=\"text-editor.default\">\n\t\t\t\t<div class=\"elementor-widget-container\">\n\t\t\t\t\t\t\t\t\t<p>Descubra una gran variedad de art\u00edculos \u00fatiles, consejos \u00fatiles y valiosos recursos sobre el aprendizaje de idiomas, la cultura alemana y mucho m\u00e1s en el blog de DAS Akademie. Sum\u00e9rgete en nuestros posts y empiece a mejorar su cultura general hoy mismo. Divi\u00e9rtase.<\/p>\t\t\t\t\t\t\t\t<\/div>\n\t\t\t\t<\/div>\n\t\t\t\t\t<\/div>\n\t\t<\/div>\n\t\t\t\t\t<\/div>\n\t\t<\/section>\n\t\t\t\t<section data-particle_enable=\"false\" data-particle-mobile-disabled=\"false\" class=\"elementor-section elementor-top-section elementor-element elementor-element-59b08f9 elementor-section-boxed elementor-section-height-default elementor-section-height-default\" data-id=\"59b08f9\" data-element_type=\"section\">\n\t\t\t\t\t\t<div class=\"elementor-container elementor-column-gap-default\">\n\t\t\t\t\t<div class=\"elementor-column elementor-col-100 elementor-top-column elementor-element elementor-element-ccdc5d1\" data-id=\"ccdc5d1\" data-element_type=\"column\">\n\t\t\t<div class=\"elementor-widget-wrap elementor-element-populated\">\n\t\t\t\t\t\t<div class=\"elementor-element elementor-element-c694ab1 elementor-grid-eael-col-4 elementor-grid-tablet-eael-col-2 elementor-grid-mobile-eael-col-1 elementor-widget elementor-widget-eael-post-grid\" data-id=\"c694ab1\" data-element_type=\"widget\" data-settings=\"{&quot;eael_post_grid_columns&quot;:&quot;eael-col-4&quot;,&quot;eael_post_grid_columns_tablet&quot;:&quot;eael-col-2&quot;,&quot;eael_post_grid_columns_mobile&quot;:&quot;eael-col-1&quot;}\" data-widget_type=\"eael-post-grid.default\">\n\t\t\t\t<div class=\"elementor-widget-container\">\n\t\t\t\t\t<div id=\"eael-post-grid-c694ab1\" class=\"eael-post-grid-container\">\n            <div class=\"eael-post-grid eael-post-appender eael-post-appender-c694ab1 eael-post-grid-style-two\" data-layout-mode=\"masonry\"><article class=\"eael-grid-post eael-post-grid-column\" data-id=\"31200\">\n    <div class=\"eael-grid-post-holder\">\n        <div class=\"eael-grid-post-holder-inner\"><div class=\"eael-entry-media\"><div class=\"eael-entry-overlay fade-in\"><i class=\"fas fa-long-arrow-alt-right\" aria-hidden=\"true\"><\/i><a href=\"https:\/\/de.dasakademie.com\/es\/why-study-berlin\/\"><\/a><\/div><div class=\"eael-entry-thumbnail\">\n                            <img fetchpriority=\"high\" decoding=\"async\" width=\"300\" height=\"200\" src=\"data:image\/gif;base64,R0lGODlhAQABAAAAACH5BAEKAAEALAAAAAABAAEAAAICTAEAOw==\" class=\"attachment-medium size-medium wp-image-31202 lazyload\" alt=\"why Berlin\" title=\"\" sizes=\"(max-width: 300px) 100vw, 300px\" data-src=\"https:\/\/de.dasakademie.com\/wp-content\/uploads\/2025\/12\/Why-Berlin-300x200.jpg\" data-srcset=\"https:\/\/de.dasakademie.com\/wp-content\/uploads\/2025\/12\/Why-Berlin-300x200.jpg 300w, https:\/\/de.dasakademie.com\/wp-content\/uploads\/2025\/12\/Why-Berlin-1024x683.jpg 1024w, https:\/\/de.dasakademie.com\/wp-content\/uploads\/2025\/12\/Why-Berlin-768x512.jpg 768w, https:\/\/de.dasakademie.com\/wp-content\/uploads\/2025\/12\/Why-Berlin-18x12.jpg 18w, https:\/\/de.dasakademie.com\/wp-content\/uploads\/2025\/12\/Why-Berlin.jpg 1200w\">\n                            <\/div>\n                    <\/div><div class=\"eael-entry-wrapper\"><header class=\"eael-entry-header\"><h2 class=\"eael-entry-title\"><a class=\"eael-grid-post-link\" href=\"https:\/\/de.dasakademie.com\/es\/why-study-berlin\/\" title=\"\u00bfPor qu\u00e9 estudiar en Berl\u00edn?\">\u00bfPor qu\u00e9 estudiar en Berl\u00edn?<\/a><\/h2><\/header><div class=\"eael-entry-content\">\n                                <div class=\"eael-grid-post-excerpt\"><p>There are endless opportunities in Europe when it comes to...<\/p><a href=\"https:\/\/de.dasakademie.com\/es\/why-study-berlin\/\" class=\"eael-post-elements-readmore-btn\">Read More<\/a><\/div>\n                            <\/div><div class=\"eael-entry-header-after style-two\"><div class=\"eael-entry-meta\"><span class=\"eael-meta-posted-on\"><i class=\"far fa-clock\"><\/i><time datetime=\"22 diciembre 2025\">22 diciembre 2025<\/time><\/span><\/div><\/div><\/div><\/div>\n    <\/div>\n<\/article><article class=\"eael-grid-post eael-post-grid-column\" data-id=\"28025\">\n    <div class=\"eael-grid-post-holder\">\n        <div class=\"eael-grid-post-holder-inner\"><div class=\"eael-entry-media\"><div class=\"eael-entry-overlay fade-in\"><i class=\"fas fa-long-arrow-alt-right\" aria-hidden=\"true\"><\/i><a href=\"https:\/\/de.dasakademie.com\/es\/el-futbol-une-a-berlin\/\"><\/a><\/div><div class=\"eael-entry-thumbnail\">\n                            <img decoding=\"async\" width=\"300\" height=\"78\" src=\"data:image\/gif;base64,R0lGODlhAQABAAAAACH5BAEKAAEALAAAAAABAAEAAAICTAEAOw==\" class=\"attachment-medium size-medium wp-image-26644 lazyload\" alt=\"\" title=\"\" sizes=\"(max-width: 300px) 100vw, 300px\" data-src=\"https:\/\/de.dasakademie.com\/wp-content\/uploads\/2024\/02\/DAS-AKADEMIELogo-1-300x78.png\" data-srcset=\"https:\/\/de.dasakademie.com\/wp-content\/uploads\/2024\/02\/DAS-AKADEMIELogo-1-300x78.png 300w, https:\/\/de.dasakademie.com\/wp-content\/uploads\/2024\/02\/DAS-AKADEMIELogo-1-1024x267.png 1024w, https:\/\/de.dasakademie.com\/wp-content\/uploads\/2024\/02\/DAS-AKADEMIELogo-1-768x200.png 768w, https:\/\/de.dasakademie.com\/wp-content\/uploads\/2024\/02\/DAS-AKADEMIELogo-1-1536x400.png 1536w, https:\/\/de.dasakademie.com\/wp-content\/uploads\/2024\/02\/DAS-AKADEMIELogo-1-18x5.png 18w, https:\/\/de.dasakademie.com\/wp-content\/uploads\/2024\/02\/DAS-AKADEMIELogo-1.png 1647w\">\n                            <\/div>\n                    <\/div><div class=\"eael-entry-wrapper\"><header class=\"eael-entry-header\"><h2 class=\"eael-entry-title\"><a class=\"eael-grid-post-link\" href=\"https:\/\/de.dasakademie.com\/es\/el-futbol-une-a-berlin\/\" title=\"El f\u00fatbol une a Berl\u00edn\">El f\u00fatbol une a Berl\u00edn<\/a><\/h2><\/header><div class=\"eael-entry-content\">\n                                <div class=\"eael-grid-post-excerpt\"><p>Football is the mainstream sport in the world, and Germany...<\/p><a href=\"https:\/\/de.dasakademie.com\/es\/el-futbol-une-a-berlin\/\" class=\"eael-post-elements-readmore-btn\">Read More<\/a><\/div>\n                            <\/div><div class=\"eael-entry-header-after style-two\"><div class=\"eael-entry-meta\"><span class=\"eael-meta-posted-on\"><i class=\"far fa-clock\"><\/i><time datetime=\"1 junio 2024\">1 junio 2024<\/time><\/span><\/div><\/div><\/div><\/div>\n    <\/div>\n<\/article><article class=\"eael-grid-post eael-post-grid-column\" data-id=\"28023\">\n    <div class=\"eael-grid-post-holder\">\n        <div class=\"eael-grid-post-holder-inner\"><div class=\"eael-entry-media\"><div class=\"eael-entry-overlay fade-in\"><i class=\"fas fa-long-arrow-alt-right\" aria-hidden=\"true\"><\/i><a href=\"https:\/\/de.dasakademie.com\/es\/por-que-son-emblematicos-los-kebabs-en-alemania\/\"><\/a><\/div><div class=\"eael-entry-thumbnail\">\n                            <img decoding=\"async\" width=\"300\" height=\"78\" src=\"data:image\/gif;base64,R0lGODlhAQABAAAAACH5BAEKAAEALAAAAAABAAEAAAICTAEAOw==\" class=\"attachment-medium size-medium wp-image-26644 lazyload\" alt=\"\" title=\"\" sizes=\"(max-width: 300px) 100vw, 300px\" data-src=\"https:\/\/de.dasakademie.com\/wp-content\/uploads\/2024\/02\/DAS-AKADEMIELogo-1-300x78.png\" data-srcset=\"https:\/\/de.dasakademie.com\/wp-content\/uploads\/2024\/02\/DAS-AKADEMIELogo-1-300x78.png 300w, https:\/\/de.dasakademie.com\/wp-content\/uploads\/2024\/02\/DAS-AKADEMIELogo-1-1024x267.png 1024w, https:\/\/de.dasakademie.com\/wp-content\/uploads\/2024\/02\/DAS-AKADEMIELogo-1-768x200.png 768w, https:\/\/de.dasakademie.com\/wp-content\/uploads\/2024\/02\/DAS-AKADEMIELogo-1-1536x400.png 1536w, https:\/\/de.dasakademie.com\/wp-content\/uploads\/2024\/02\/DAS-AKADEMIELogo-1-18x5.png 18w, https:\/\/de.dasakademie.com\/wp-content\/uploads\/2024\/02\/DAS-AKADEMIELogo-1.png 1647w\">\n                            <\/div>\n                    <\/div><div class=\"eael-entry-wrapper\"><header class=\"eael-entry-header\"><h2 class=\"eael-entry-title\"><a class=\"eael-grid-post-link\" href=\"https:\/\/de.dasakademie.com\/es\/por-que-son-emblematicos-los-kebabs-en-alemania\/\" title=\"Por qu\u00e9 son emblem\u00e1ticos los kebabs en Alemania\">Por qu\u00e9 son emblem\u00e1ticos los kebabs en Alemania<\/a><\/h2><\/header><div class=\"eael-entry-content\">\n                                <div class=\"eael-grid-post-excerpt\"><p>In the heart of Germany&#8217;s culinary scene, amidst the rich...<\/p><a href=\"https:\/\/de.dasakademie.com\/es\/por-que-son-emblematicos-los-kebabs-en-alemania\/\" class=\"eael-post-elements-readmore-btn\">Read More<\/a><\/div>\n                            <\/div><div class=\"eael-entry-header-after style-two\"><div class=\"eael-entry-meta\"><span class=\"eael-meta-posted-on\"><i class=\"far fa-clock\"><\/i><time datetime=\"1 junio 2024\">1 junio 2024<\/time><\/span><\/div><\/div><\/div><\/div>\n    <\/div>\n<\/article><article class=\"eael-grid-post eael-post-grid-column\" data-id=\"28021\">\n    <div class=\"eael-grid-post-holder\">\n        <div class=\"eael-grid-post-holder-inner\"><div class=\"eael-entry-media\"><div class=\"eael-entry-overlay fade-in\"><i class=\"fas fa-long-arrow-alt-right\" aria-hidden=\"true\"><\/i><a href=\"https:\/\/de.dasakademie.com\/es\/parques-espectaculares-en-berlin\/\"><\/a><\/div><div class=\"eael-entry-thumbnail\">\n                            <img decoding=\"async\" width=\"300\" height=\"206\" src=\"data:image\/gif;base64,R0lGODlhAQABAAAAACH5BAEKAAEALAAAAAABAAEAAAICTAEAOw==\" class=\"attachment-medium size-medium wp-image-391 lazyload\" alt=\"Berlin&#039;s\" title=\"\" sizes=\"(max-width: 300px) 100vw, 300px\" data-src=\"https:\/\/de.dasakademie.com\/wp-content\/uploads\/2019\/05\/photo-2-300x206.jpg\" data-srcset=\"https:\/\/de.dasakademie.com\/wp-content\/uploads\/2019\/05\/photo-2-300x206.jpg 300w, https:\/\/de.dasakademie.com\/wp-content\/uploads\/2019\/05\/photo-2.jpg 640w\">\n                            <\/div>\n                    <\/div><div class=\"eael-entry-wrapper\"><header class=\"eael-entry-header\"><h2 class=\"eael-entry-title\"><a class=\"eael-grid-post-link\" href=\"https:\/\/de.dasakademie.com\/es\/parques-espectaculares-en-berlin\/\" title=\"Parques espectaculares en Berl\u00edn\">Parques espectaculares en Berl\u00edn<\/a><\/h2><\/header><div class=\"eael-entry-content\">\n                                <div class=\"eael-grid-post-excerpt\"><p>Berlin&#8217;s parks and natural spaces are cherished sanctuaries, offering a...<\/p><a href=\"https:\/\/de.dasakademie.com\/es\/parques-espectaculares-en-berlin\/\" class=\"eael-post-elements-readmore-btn\">Read More<\/a><\/div>\n                            <\/div><div class=\"eael-entry-header-after style-two\"><div class=\"eael-entry-meta\"><span class=\"eael-meta-posted-on\"><i class=\"far fa-clock\"><\/i><time datetime=\"1 junio 2024\">1 junio 2024<\/time><\/span><\/div><\/div><\/div><\/div>\n    <\/div>\n<\/article><\/div>\n            <div class=\"clearfix\"><\/div>\n        <\/div>            <div class=\"eael-load-more-button-wrap eael-infinity-scroll\" data-offset=\"-200\">\n                <button class=\"eael-load-more-button\" id=\"eael-load-more-btn-c694ab1\" data-widget-id=\"c694ab1\" data-widget=\"c694ab1\" data-page-id=\"22872\" data-template=\"{&quot;dir&quot;:&quot;lite&quot;,&quot;file_name&quot;:&quot;two.php&quot;,&quot;name&quot;:&quot;Post-Grid&quot;}\" data-class=\"Essential_Addons_Elementor\\Elements\\Post_Grid\" data-layout=\"masonry\" data-page=\"1\" data-args=\"orderby=date&amp;order=desc&amp;ignore_sticky_posts=1&amp;post_status=publish&amp;posts_per_page=4&amp;offset=0&amp;post_type=post\" data-max-page=\"9\">\n                    <span class=\"eael-btn-loader button__loader\"><\/span>\n                    <span class=\"eael_load_more_text\">Load More<\/span>\n                <\/button>\n            <\/div>\n            \t\t\t\t<\/div>\n\t\t\t\t<\/div>\n\t\t\t\t\t<\/div>\n\t\t<\/div>\n\t\t\t\t\t<\/div>\n\t\t<\/section>\n\t\t\t\t<section data-particle_enable=\"false\" data-particle-mobile-disabled=\"false\" class=\"elementor-section elementor-top-section elementor-element elementor-element-6329816 elementor-section-content-middle elementor-section-boxed elementor-section-height-default elementor-section-height-default\" data-id=\"6329816\" data-element_type=\"section\" data-settings=\"{&quot;background_background&quot;:&quot;classic&quot;}\">\n\t\t\t\t\t\t<div class=\"elementor-container elementor-column-gap-no\">\n\t\t\t\t\t<div class=\"elementor-column elementor-col-100 elementor-top-column elementor-element elementor-element-b5a4385\" data-id=\"b5a4385\" data-element_type=\"column\">\n\t\t\t<div class=\"elementor-widget-wrap elementor-element-populated\">\n\t\t\t\t\t\t<div class=\"elementor-element elementor-element-976ae88 elementor-widget elementor-widget-heading\" data-id=\"976ae88\" data-element_type=\"widget\" data-widget_type=\"heading.default\">\n\t\t\t\t<div class=\"elementor-widget-container\">\n\t\t\t\t\t<h3 class=\"elementor-heading-title elementor-size-default\">Rechtliche Informationen<\/h3>\t\t\t\t<\/div>\n\t\t\t\t<\/div>\n\t\t\t\t<section data-particle_enable=\"false\" data-particle-mobile-disabled=\"false\" class=\"elementor-section elementor-inner-section elementor-element elementor-element-fb3c13b elementor-section-content-middle elementor-section-boxed elementor-section-height-default elementor-section-height-default\" data-id=\"fb3c13b\" data-element_type=\"section\">\n\t\t\t\t\t\t<div class=\"elementor-container elementor-column-gap-no\">\n\t\t\t\t\t<div class=\"elementor-column elementor-col-33 elementor-inner-column elementor-element elementor-element-09e46ec\" data-id=\"09e46ec\" data-element_type=\"column\">\n\t\t\t<div class=\"elementor-widget-wrap elementor-element-populated\">\n\t\t\t\t\t\t<div class=\"elementor-element elementor-element-268f7e8 elementor-widget elementor-widget-heading\" data-id=\"268f7e8\" data-element_type=\"widget\" data-widget_type=\"heading.default\">\n\t\t\t\t<div class=\"elementor-widget-container\">\n\t\t\t\t\t<h4 class=\"elementor-heading-title elementor-size-default\"><a href=\"https:\/\/de.dasakademie.com\/es\/impressum\/\" target=\"_blank\" rel=\"nofollow\">Impressum<\/a><\/h4>\t\t\t\t<\/div>\n\t\t\t\t<\/div>\n\t\t\t\t\t<\/div>\n\t\t<\/div>\n\t\t\t\t<div class=\"elementor-column elementor-col-33 elementor-inner-column elementor-element elementor-element-41b3369\" data-id=\"41b3369\" data-element_type=\"column\">\n\t\t\t<div class=\"elementor-widget-wrap elementor-element-populated\">\n\t\t\t\t\t\t<div class=\"elementor-element elementor-element-cd472d5 elementor-widget elementor-widget-heading\" data-id=\"cd472d5\" data-element_type=\"widget\" data-widget_type=\"heading.default\">\n\t\t\t\t<div class=\"elementor-widget-container\">\n\t\t\t\t\t<h4 class=\"elementor-heading-title elementor-size-default\"><a href=\"https:\/\/de.dasakademie.com\/es\/privacy-statement\/\" target=\"_blank\" rel=\"nofollow\">Datenschutzerkl\u00e4rung\n<\/a><\/h4>\t\t\t\t<\/div>\n\t\t\t\t<\/div>\n\t\t\t\t\t<\/div>\n\t\t<\/div>\n\t\t\t\t<div class=\"elementor-column elementor-col-33 elementor-inner-column elementor-element elementor-element-7daf57e\" data-id=\"7daf57e\" data-element_type=\"column\">\n\t\t\t<div class=\"elementor-widget-wrap elementor-element-populated\">\n\t\t\t\t\t\t<div class=\"elementor-element elementor-element-5639e3c elementor-widget elementor-widget-heading\" data-id=\"5639e3c\" data-element_type=\"widget\" data-widget_type=\"heading.default\">\n\t\t\t\t<div class=\"elementor-widget-container\">\n\t\t\t\t\t<h4 class=\"elementor-heading-title elementor-size-default\"><a href=\"https:\/\/de.dasakademie.com\/es\/allgemeine-geschaeftsbedingungen\/\" target=\"_blank\" rel=\"nofollow\">AGB<\/a><\/h4>\t\t\t\t<\/div>\n\t\t\t\t<\/div>\n\t\t\t\t\t<\/div>\n\t\t<\/div>\n\t\t\t\t\t<\/div>\n\t\t<\/section>\n\t\t\t\t\t<\/div>\n\t\t<\/div>\n\t\t\t\t\t<\/div>\n\t\t<\/section>\n\t\t\t\t<\/div>","protected":false},"excerpt":{"rendered":"<p>DAS Akademie Blog DAS Akademie Blog Discover a variety of useful articles, helpful tips and valuable resources about language learning, German culture and much more on the DAS Akademie blog. Dive into our posts and start improving your language skills today! Have fun Football unites Berlin Football is the mainstream sport in the world, and [&hellip;]<\/p>","protected":false},"author":4,"featured_media":0,"parent":0,"menu_order":0,"comment_status":"closed","ping_status":"closed","template":"","meta":{"ocean_post_layout":"full-width","ocean_both_sidebars_style":"","ocean_both_sidebars_content_width":0,"ocean_both_sidebars_sidebars_width":0,"ocean_sidebar":"0","ocean_second_sidebar":"0","ocean_disable_margins":"enable","ocean_add_body_class":"","ocean_shortcode_before_top_bar":"","ocean_shortcode_after_top_bar":"","ocean_shortcode_before_header":"","ocean_shortcode_after_header":"","ocean_has_shortcode":"","ocean_shortcode_after_title":"","ocean_shortcode_before_footer_widgets":"","ocean_shortcode_after_footer_widgets":"","ocean_shortcode_before_footer_bottom":"","ocean_shortcode_after_footer_bottom":"","ocean_display_top_bar":"default","ocean_display_header":"default","ocean_header_style":"","ocean_center_header_left_menu":"0","ocean_custom_header_template":"0","ocean_custom_logo":0,"ocean_custom_retina_logo":0,"ocean_custom_logo_max_width":0,"ocean_custom_logo_tablet_max_width":0,"ocean_custom_logo_mobile_max_width":0,"ocean_custom_logo_max_height":0,"ocean_custom_logo_tablet_max_height":0,"ocean_custom_logo_mobile_max_height":0,"ocean_header_custom_menu":"0","ocean_menu_typo_font_family":"0","ocean_menu_typo_font_subset":"","ocean_menu_typo_font_size":0,"ocean_menu_typo_font_size_tablet":0,"ocean_menu_typo_font_size_mobile":0,"ocean_menu_typo_font_size_unit":"px","ocean_menu_typo_font_weight":"","ocean_menu_typo_font_weight_tablet":"","ocean_menu_typo_font_weight_mobile":"","ocean_menu_typo_transform":"","ocean_menu_typo_transform_tablet":"","ocean_menu_typo_transform_mobile":"","ocean_menu_typo_line_height":0,"ocean_menu_typo_line_height_tablet":0,"ocean_menu_typo_line_height_mobile":0,"ocean_menu_typo_line_height_unit":"","ocean_menu_typo_spacing":0,"ocean_menu_typo_spacing_tablet":0,"ocean_menu_typo_spacing_mobile":0,"ocean_menu_typo_spacing_unit":"","ocean_menu_link_color":"","ocean_menu_link_color_hover":"","ocean_menu_link_color_active":"","ocean_menu_link_background":"","ocean_menu_link_hover_background":"","ocean_menu_link_active_background":"","ocean_menu_social_links_bg":"","ocean_menu_social_hover_links_bg":"","ocean_menu_social_links_color":"","ocean_menu_social_hover_links_color":"","ocean_disable_title":"on","ocean_disable_heading":"on","ocean_post_title":"","ocean_post_subheading":"","ocean_post_title_style":"","ocean_post_title_background_color":"","ocean_post_title_background":0,"ocean_post_title_bg_image_position":"","ocean_post_title_bg_image_attachment":"","ocean_post_title_bg_image_repeat":"","ocean_post_title_bg_image_size":"","ocean_post_title_height":0,"ocean_post_title_bg_overlay":0.5,"ocean_post_title_bg_overlay_color":"","ocean_disable_breadcrumbs":"off","ocean_breadcrumbs_color":"","ocean_breadcrumbs_separator_color":"","ocean_breadcrumbs_links_color":"","ocean_breadcrumbs_links_hover_color":"","ocean_display_footer_widgets":"off","ocean_display_footer_bottom":"off","ocean_custom_footer_template":"0","footnotes":""},"class_list":["post-22872","page","type-page","status-publish","hentry","entry","has-media"],"_links":{"self":[{"href":"https:\/\/de.dasakademie.com\/es\/wp-json\/wp\/v2\/pages\/22872","targetHints":{"allow":["GET"]}}],"collection":[{"href":"https:\/\/de.dasakademie.com\/es\/wp-json\/wp\/v2\/pages"}],"about":[{"href":"https:\/\/de.dasakademie.com\/es\/wp-json\/wp\/v2\/types\/page"}],"author":[{"embeddable":true,"href":"https:\/\/de.dasakademie.com\/es\/wp-json\/wp\/v2\/users\/4"}],"replies":[{"embeddable":true,"href":"https:\/\/de.dasakademie.com\/es\/wp-json\/wp\/v2\/comments?post=22872"}],"version-history":[{"count":3,"href":"https:\/\/de.dasakademie.com\/es\/wp-json\/wp\/v2\/pages\/22872\/revisions"}],"predecessor-version":[{"id":30306,"href":"https:\/\/de.dasakademie.com\/es\/wp-json\/wp\/v2\/pages\/22872\/revisions\/30306"}],"wp:attachment":[{"href":"https:\/\/de.dasakademie.com\/es\/wp-json\/wp\/v2\/media?parent=22872"}],"curies":[{"name":"wp","href":"https:\/\/api.w.org\/{rel}","templated":true}]}}