{"id":20659,"date":"2023-04-05T17:19:27","date_gmt":"2023-04-05T14:19:27","guid":{"rendered":"https:\/\/dasakademie.com\/?page_id=20659"},"modified":"2026-03-05T16:36:17","modified_gmt":"2026-03-05T13:36:17","slug":"registro","status":"publish","type":"page","link":"https:\/\/de.dasakademie.com\/es\/registro\/","title":{"rendered":"REGISTER"},"content":{"rendered":"<div data-elementor-type=\"wp-page\" data-elementor-id=\"20659\" class=\"elementor elementor-20659\" data-elementor-post-type=\"page\">\n\t\t\t\t\t\t<section data-particle_enable=\"false\" data-particle-mobile-disabled=\"false\" class=\"elementor-section elementor-top-section elementor-element elementor-element-4cb5fe0 elementor-section-full_width elementor-section-height-default elementor-section-height-default\" data-id=\"4cb5fe0\" data-element_type=\"section\" data-settings=\"{&quot;background_background&quot;:&quot;classic&quot;,&quot;shape_divider_bottom&quot;:&quot;wave-brush&quot;}\">\n\t\t\t\t\t\t\t<div class=\"elementor-background-overlay\"><\/div>\n\t\t\t\t\t\t<div class=\"elementor-shape elementor-shape-bottom\" aria-hidden=\"true\" data-negative=\"false\">\n\t\t\t<svg xmlns=\"http:\/\/www.w3.org\/2000\/svg\" viewbox=\"0 0 283.5 27.8\" preserveaspectratio=\"none\">\n\t<path class=\"elementor-shape-fill\" d=\"M283.5,9.7c0,0-7.3,4.3-14,4.6c-6.8,0.3-12.6,0-20.9-1.5c-11.3-2-33.1-10.1-44.7-5.7\ts-12.1,4.6-18,7.4c-6.6,3.2-20,9.6-36.6,9.3C131.6,23.5,99.5,7.2,86.3,8c-1.4,0.1-6.6,0.8-10.5,2c-3.8,1.2-9.4,3.8-17,4.7\tc-3.2,0.4-8.3,1.1-14.2,0.9c-1.5-0.1-6.3-0.4-12-1.6c-5.7-1.2-11-3.1-15.8-3.7C6.5,9.2,0,10.8,0,10.8V0h283.5V9.7z M260.8,11.3\tc-0.7-1-2-0.4-4.3-0.4c-2.3,0-6.1-1.2-5.8-1.1c0.3,0.1,3.1,1.5,6,1.9C259.7,12.2,261.4,12.3,260.8,11.3z M242.4,8.6\tc0,0-2.4-0.2-5.6-0.9c-3.2-0.8-10.3-2.8-15.1-3.5c-8.2-1.1-15.8,0-15.1,0.1c0.8,0.1,9.6-0.6,17.6,1.1c3.3,0.7,9.3,2.2,12.4,2.7\tC239.9,8.7,242.4,8.6,242.4,8.6z M185.2,8.5c1.7-0.7-13.3,4.7-18.5,6.1c-2.1,0.6-6.2,1.6-10,2c-3.9,0.4-8.9,0.4-8.8,0.5\tc0,0.2,5.8,0.8,11.2,0c5.4-0.8,5.2-1.1,7.6-1.6C170.5,14.7,183.5,9.2,185.2,8.5z M199.1,6.9c0.2,0-0.8-0.4-4.8,1.1\tc-4,1.5-6.7,3.5-6.9,3.7c-0.2,0.1,3.5-1.8,6.6-3C197,7.5,199,6.9,199.1,6.9z M283,6c-0.1,0.1-1.9,1.1-4.8,2.5s-6.9,2.8-6.7,2.7\tc0.2,0,3.5-0.6,7.4-2.5C282.8,6.8,283.1,5.9,283,6z M31.3,11.6c0.1-0.2-1.9-0.2-4.5-1.2s-5.4-1.6-7.8-2C15,7.6,7.3,8.5,7.7,8.6\tC8,8.7,15.9,8.3,20.2,9.3c2.2,0.5,2.4,0.5,5.7,1.6S31.2,11.9,31.3,11.6z M73,9.2c0.4-0.1,3.5-1.6,8.4-2.6c4.9-1.1,8.9-0.5,8.9-0.8\tc0-0.3-1-0.9-6.2-0.3S72.6,9.3,73,9.2z M71.6,6.7C71.8,6.8,75,5.4,77.3,5c2.3-0.3,1.9-0.5,1.9-0.6c0-0.1-1.1-0.2-2.7,0.2\tC74.8,5.1,71.4,6.6,71.6,6.7z M93.6,4.4c0.1,0.2,3.5,0.8,5.6,1.8c2.1,1,1.8,0.6,1.9,0.5c0.1-0.1-0.8-0.8-2.4-1.3\tC97.1,4.8,93.5,4.2,93.6,4.4z M65.4,11.1c-0.1,0.3,0.3,0.5,1.9-0.2s2.6-1.3,2.2-1.2s-0.9,0.4-2.5,0.8C65.3,10.9,65.5,10.8,65.4,11.1\tz M34.5,12.4c-0.2,0,2.1,0.8,3.3,0.9c1.2,0.1,2,0.1,2-0.2c0-0.3-0.1-0.5-1.6-0.4C36.6,12.8,34.7,12.4,34.5,12.4z M152.2,21.1\tc-0.1,0.1-2.4-0.3-7.5-0.3c-5,0-13.6-2.4-17.2-3.5c-3.6-1.1,10,3.9,16.5,4.1C150.5,21.6,152.3,21,152.2,21.1z\"\/>\n\t<path class=\"elementor-shape-fill\" d=\"M269.6,18c-0.1-0.1-4.6,0.3-7.2,0c-7.3-0.7-17-3.2-16.6-2.9c0.4,0.3,13.7,3.1,17,3.3\tC267.7,18.8,269.7,18,269.6,18z\"\/>\n\t<path class=\"elementor-shape-fill\" d=\"M227.4,9.8c-0.2-0.1-4.5-1-9.5-1.2c-5-0.2-12.7,0.6-12.3,0.5c0.3-0.1,5.9-1.8,13.3-1.2\tS227.6,9.9,227.4,9.8z\"\/>\n\t<path class=\"elementor-shape-fill\" d=\"M204.5,13.4c-0.1-0.1,2-1,3.2-1.1c1.2-0.1,2,0,2,0.3c0,0.3-0.1,0.5-1.6,0.4\tC206.4,12.9,204.6,13.5,204.5,13.4z\"\/>\n\t<path class=\"elementor-shape-fill\" d=\"M201,10.6c0-0.1-4.4,1.2-6.3,2.2c-1.9,0.9-6.2,3.1-6.1,3.1c0.1,0.1,4.2-1.6,6.3-2.6\tS201,10.7,201,10.6z\"\/>\n\t<path class=\"elementor-shape-fill\" d=\"M154.5,26.7c-0.1-0.1-4.6,0.3-7.2,0c-7.3-0.7-17-3.2-16.6-2.9c0.4,0.3,13.7,3.1,17,3.3\tC152.6,27.5,154.6,26.8,154.5,26.7z\"\/>\n\t<path class=\"elementor-shape-fill\" d=\"M41.9,19.3c0,0,1.2-0.3,2.9-0.1c1.7,0.2,5.8,0.9,8.2,0.7c4.2-0.4,7.4-2.7,7-2.6\tc-0.4,0-4.3,2.2-8.6,1.9c-1.8-0.1-5.1-0.5-6.7-0.4S41.9,19.3,41.9,19.3z\"\/>\n\t<path class=\"elementor-shape-fill\" d=\"M75.5,12.6c0.2,0.1,2-0.8,4.3-1.1c2.3-0.2,2.1-0.3,2.1-0.5c0-0.1-1.8-0.4-3.4,0\tC76.9,11.5,75.3,12.5,75.5,12.6z\"\/>\n\t<path class=\"elementor-shape-fill\" d=\"M15.6,13.2c0-0.1,4.3,0,6.7,0.5c2.4,0.5,5,1.9,5,2c0,0.1-2.7-0.8-5.1-1.4\tC19.9,13.7,15.7,13.3,15.6,13.2z\"\/>\n<\/svg>\t\t<\/div>\n\t\t\t\t\t<div class=\"elementor-container elementor-column-gap-default\">\n\t\t\t\t\t<div class=\"elementor-column elementor-col-100 elementor-top-column elementor-element elementor-element-503503e\" data-id=\"503503e\" data-element_type=\"column\">\n\t\t\t<div class=\"elementor-widget-wrap\">\n\t\t\t\t\t\t\t<\/div>\n\t\t<\/div>\n\t\t\t\t\t<\/div>\n\t\t<\/section>\n\t\t\t\t<section data-particle_enable=\"false\" data-particle-mobile-disabled=\"false\" class=\"elementor-section elementor-top-section elementor-element elementor-element-79a92cf elementor-section-boxed elementor-section-height-default elementor-section-height-default\" data-id=\"79a92cf\" data-element_type=\"section\" data-settings=\"{&quot;animation&quot;:&quot;none&quot;}\">\n\t\t\t\t\t\t<div class=\"elementor-container elementor-column-gap-no\">\n\t\t\t\t\t<div class=\"elementor-column elementor-col-100 elementor-top-column elementor-element elementor-element-ce35bc2\" data-id=\"ce35bc2\" data-element_type=\"column\" data-settings=\"{&quot;animation&quot;:&quot;none&quot;}\">\n\t\t\t<div class=\"elementor-widget-wrap elementor-element-populated\">\n\t\t\t\t\t\t<div class=\"elementor-element elementor-element-4b9e25f elementor-widget elementor-widget-heading\" data-id=\"4b9e25f\" data-element_type=\"widget\" data-widget_type=\"heading.default\">\n\t\t\t\t<div class=\"elementor-widget-container\">\n\t\t\t\t\t<h1 class=\"elementor-heading-title elementor-size-default\">Register in 2 minutes!<\/h1>\t\t\t\t<\/div>\n\t\t\t\t<\/div>\n\t\t\t\t<div class=\"elementor-element elementor-element-1f5cf73 elementor-widget-divider--view-line elementor-widget elementor-widget-divider\" data-id=\"1f5cf73\" data-element_type=\"widget\" data-widget_type=\"divider.default\">\n\t\t\t\t<div class=\"elementor-widget-container\">\n\t\t\t\t\t\t\t<div class=\"elementor-divider\">\n\t\t\t<span class=\"elementor-divider-separator\">\n\t\t\t\t\t\t<\/span>\n\t\t<\/div>\n\t\t\t\t\t\t<\/div>\n\t\t\t\t<\/div>\n\t\t\t\t<div class=\"elementor-element elementor-element-c3b0ae0 elementor-widget elementor-widget-text-editor\" data-id=\"c3b0ae0\" data-element_type=\"widget\" data-widget_type=\"text-editor.default\">\n\t\t\t\t<div class=\"elementor-widget-container\">\n\t\t\t\t\t\t\t\t\t<p>La inscripci\u00f3n en l\u00ednea en DAS Akademie es un proceso sencillo. Si est\u00e1 interesado en inscribirse en uno de nuestros aclamados cursos, s\u00f3lo tiene que rellenar el siguiente formulario.<\/p>\n<p>Una vez que haya enviado el formulario de inscripci\u00f3n, nuestro equipo se pondr\u00e1 en contacto con usted para informarle de todos los detalles relevantes de su elecci\u00f3n, organizar la prueba de nivel (si fuera necesaria) y enviarle el formulario de inscripci\u00f3n definitivo. Por lo tanto, rellenar el formulario de inscripci\u00f3n en l\u00ednea no supone <strong>ning\u00fan compromiso.<\/strong>.<\/p>\n<p>Aprender el idioma deseado en nuestra escuela de idiomas en Berl\u00edn o en l\u00ednea est\u00e1 s\u00f3lo unos pasos por delante. <a title=\"escuela de idiomas en Berl\u00edn\" href=\"https:\/\/dasakademie.com\" data-wpel-link=\"internal\" target=\"_blank\" rel=\"noopener\">escuela de idiomas en Berl\u00edn<\/a> or <a href=\"https:\/\/www.online-german-course.com\/\" target=\"_blank\" rel=\"noopener noreferrer nofollow external\" data-wpel-link=\"external\">online<\/a> is only a few steps ahead.<\/p>\t\t\t\t\t\t\t\t<\/div>\n\t\t\t\t<\/div>\n\t\t\t\t\t<\/div>\n\t\t<\/div>\n\t\t\t\t\t<\/div>\n\t\t<\/section>\n\t\t\t\t<section data-particle_enable=\"false\" data-particle-mobile-disabled=\"false\" class=\"elementor-section elementor-top-section elementor-element elementor-element-a6a8d0c elementor-section-boxed elementor-section-height-default elementor-section-height-default\" data-id=\"a6a8d0c\" data-element_type=\"section\">\n\t\t\t\t\t\t<div class=\"elementor-container elementor-column-gap-default\">\n\t\t\t\t\t<div class=\"elementor-column elementor-col-100 elementor-top-column elementor-element elementor-element-572bbb0\" data-id=\"572bbb0\" data-element_type=\"column\">\n\t\t\t<div class=\"elementor-widget-wrap elementor-element-populated\">\n\t\t\t\t\t\t<div class=\"elementor-element elementor-element-7e90b80 elementor-widget elementor-widget-wpforms\" data-id=\"7e90b80\" data-element_type=\"widget\" data-widget_type=\"wpforms.default\">\n\t\t\t\t<div class=\"elementor-widget-container\">\n\t\t\t\t\t<div class=\"wpforms-container wpforms-container-full wpforms-render-modern\" id=\"wpforms-22893\"><form id=\"wpforms-form-22893\" class=\"wpforms-validate wpforms-form wpforms-ajax-form\" data-formid=\"22893\" method=\"post\" enctype=\"multipart\/form-data\" action=\"\/es\/wp-json\/wp\/v2\/pages\/20659\" data-token=\"994233a04ef0272b16bc1ed536d27e64\" data-token-time=\"1776438217\" data-trp-original-action=\"\/es\/wp-json\/wp\/v2\/pages\/20659\"><noscript class=\"wpforms-error-noscript\">Por favor, activa JavaScript en tu navegador para completar este formulario.<\/noscript><div id=\"wpforms-error-noscript\" style=\"display: none;\">Por favor, activa JavaScript en tu navegador para completar este formulario.<\/div><div class=\"wpforms-field-container\"><div id=\"wpforms-22893-field_17-container\" class=\"wpforms-field wpforms-field-name\" data-field-id=\"17\"><label class=\"wpforms-field-label\" for=\"wpforms-22893-field_17\">Nombre <span class=\"wpforms-required-label\" aria-hidden=\"true\">*<\/span><\/label><input type=\"text\" id=\"wpforms-22893-field_17\" class=\"wpforms-field-medium wpforms-field-required\" name=\"wpforms[fields][17]\" aria-errormessage=\"wpforms-22893-field_17-error\" required><\/div><div id=\"wpforms-22893-field_18-container\" class=\"wpforms-field wpforms-field-email\" data-field-id=\"18\"><label class=\"wpforms-field-label\" for=\"wpforms-22893-field_18\">E-Mail <span class=\"wpforms-required-label\" aria-hidden=\"true\">*<\/span><\/label><input type=\"email\" id=\"wpforms-22893-field_18\" class=\"wpforms-field-medium wpforms-field-required\" name=\"wpforms[fields][18]\" spellcheck=\"false\" aria-errormessage=\"wpforms-22893-field_18-error\" required><\/div><div id=\"wpforms-22893-field_29-container\" class=\"wpforms-field wpforms-field-phone\" data-field-id=\"29\"><label class=\"wpforms-field-label\" for=\"wpforms-22893-field_29\">N\u00famero de tel\u00e9fono<\/label><input type=\"tel\" id=\"wpforms-22893-field_29\" class=\"wpforms-field-medium wpforms-smart-phone-field\" data-rule-smart-phone-field=\"true\" name=\"wpforms[fields][29]\" aria-label=\"N\u00famero de tel\u00e9fono\" aria-errormessage=\"wpforms-22893-field_29-error\" ><\/div><div id=\"wpforms-22893-field_20-container\" class=\"wpforms-field wpforms-field-select wpforms-field-select-style-classic\" data-field-id=\"20\"><label class=\"wpforms-field-label\" for=\"wpforms-22893-field_20\">Me gustar\u00eda aprender \/ Ich m\u00f6chte die folgende Sprache lernen: <span class=\"wpforms-required-label\" aria-hidden=\"true\">*<\/span><\/label><select id=\"wpforms-22893-field_20\" class=\"wpforms-field-medium wpforms-field-required\" name=\"wpforms[fields][20]\" required=\"required\"><option value=\"German \/ Deutsch\"  class=\"choice-1 depth-1\"  >German \/ Deutsch<\/option><option value=\"English \/ Englisch\"  class=\"choice-2 depth-1\"  >English \/ Englisch<\/option><option value=\"Spanish \/ Spanisch\"  class=\"choice-3 depth-1\"  >Spanish \/ Spanisch<\/option><option value=\"Turkish \/ T\u00fcrkisch\"  class=\"choice-4 depth-1\"  >Turkish \/ T\u00fcrkisch<\/option><\/select><\/div><div id=\"wpforms-22893-field_21-container\" class=\"wpforms-field wpforms-field-select wpforms-field-select-style-classic\" data-field-id=\"21\"><label class=\"wpforms-field-label\" for=\"wpforms-22893-field_21\">My current level \/ Mein aktuelles Sprachniveau: <span class=\"wpforms-required-label\" aria-hidden=\"true\">*<\/span><\/label><select id=\"wpforms-22893-field_21\" class=\"wpforms-field-medium wpforms-field-required\" name=\"wpforms[fields][21]\" required=\"required\"><option value=\"Beginner \/ Anf\u00e4nger\"  class=\"choice-1 depth-1\"  >Beginner \/ Anf\u00e4nger<\/option><option value=\"A1.1\"  class=\"choice-2 depth-1\"  >A1.1<\/option><option value=\"A1.2\"  class=\"choice-3 depth-1\"  >A1.2<\/option><option value=\"A2.1\"  class=\"choice-4 depth-1\"  >A2.1<\/option><option value=\"A2.2\"  class=\"choice-5 depth-1\"  >A2.2<\/option><option value=\"B1.1\"  class=\"choice-6 depth-1\"  >B1.1<\/option><option value=\"B1.2\"  class=\"choice-7 depth-1\"  >B1.2<\/option><option value=\"B2.1\"  class=\"choice-8 depth-1\"  >B2.1<\/option><option value=\"B2.2\"  class=\"choice-9 depth-1\"  >B2.2<\/option><option value=\"C1.1\"  class=\"choice-10 depth-1\"  >C1.1<\/option><option value=\"C1.2\"  class=\"choice-11 depth-1\"  >C1.2<\/option><\/select><\/div><div id=\"wpforms-22893-field_22-container\" class=\"wpforms-field wpforms-field-select wpforms-field-select-style-classic\" data-field-id=\"22\"><label class=\"wpforms-field-label\" for=\"wpforms-22893-field_22\">Programa preferido \/ Bevorzugtes Program <span class=\"wpforms-required-label\" aria-hidden=\"true\">*<\/span><\/label><select id=\"wpforms-22893-field_22\" class=\"wpforms-field-medium wpforms-field-required\" name=\"wpforms[fields][22]\" required=\"required\"><option value=\"German Intensive Courses\"  class=\"choice-1 depth-1\"  >Cursos intensivos de alem\u00e1n<\/option><option value=\"German Evening Courses\"  class=\"choice-2 depth-1\"  >Cursos nocturnos de alem\u00e1n<\/option><option value=\"German Evening Courses - Online\"  class=\"choice-3 depth-1\"  >German Evening Courses - Online<\/option><option value=\"English Intensive Courses\"  class=\"choice-4 depth-1\"  >Cursos intensivos de ingl\u00e9s<\/option><option value=\"English Evening Courses\"  class=\"choice-5 depth-1\"  >Cursos nocturnos de ingl\u00e9s<\/option><option value=\"English Evening Courses - Online\"  class=\"choice-6 depth-1\"  >English Evening Courses - Online<\/option><option value=\"Spanish Evening Courses\"  class=\"choice-7 depth-1\"  >Cursos nocturnos de espa\u00f1ol<\/option><option value=\"Spanish Evening Courses - Online\"  class=\"choice-8 depth-1\"  >Spanish Evening Courses - Online<\/option><option value=\"Turkish Evening Courses\"  class=\"choice-9 depth-1\"  >Turkish Evening Courses<\/option><option value=\"Turkish Evening Courses - Online\"  class=\"choice-10 depth-1\"  >Turkish Evening Courses - Online<\/option><option value=\"Private Classes\"  class=\"choice-11 depth-1\"  >Private Classes<\/option><\/select><\/div><div id=\"wpforms-22893-field_28-container\" class=\"wpforms-field wpforms-field-textarea\" data-field-id=\"28\"><label class=\"wpforms-field-label\" for=\"wpforms-22893-field_28\">Comentarios \/ Anmerkungen:<\/label><textarea id=\"wpforms-22893-field_28\" class=\"wpforms-field-medium\" name=\"wpforms[fields][28]\" aria-errormessage=\"wpforms-22893-field_28-error\" aria-describedby=\"wpforms-22893-field_28-description\" ><\/textarea><div id=\"wpforms-22893-field_28-description\" class=\"wpforms-field-description\">El l\u00edmite es de 1000 palabras.<\/div><\/div><div id=\"wpforms-22893-field_27-container\" class=\"wpforms-field wpforms-field-checkbox\" data-field-id=\"27\"><fieldset><legend class=\"wpforms-field-label\">Declaraci\u00f3n de Privacidad <span class=\"wpforms-required-label\" aria-hidden=\"true\">*<\/span><\/legend><ul id=\"wpforms-22893-field_27\" class=\"wpforms-field-required\"><li class=\"choice-1 depth-1\"><input type=\"checkbox\" id=\"wpforms-22893-field_27_1\" name=\"wpforms[fields][27][]\" value=\"Consent\" aria-errormessage=\"wpforms-22893-field_27_1-error\" aria-describedby=\"wpforms-22893-field_27-description\" required><label class=\"wpforms-field-label-inline\" for=\"wpforms-22893-field_27_1\">Consentimiento<\/label><\/li><\/ul><div id=\"wpforms-22893-field_27-description\" class=\"wpforms-field-description\">He le\u00eddo la <a href=\"https:\/\/de.dasakademie.com\/es\/privacy-statement\/\">Declaraci\u00f3n de Privacidad<\/a> y doy mi consentimiento para que DAS Akademie recopile los datos que env\u00edo a trav\u00e9s de este formulario.<\/div><\/fieldset><\/div><\/div><!-- .wpforms-field-container --><div class=\"wpforms-recaptcha-container wpforms-is-recaptcha wpforms-is-recaptcha-type-v2\" ><div class=\"g-recaptcha\" data-sitekey=\"6LdpnY4mAAAAAHqvAIVjMiaPTnHQnHK9_-_l4tX0\"><\/div><input type=\"text\" name=\"g-recaptcha-hidden\" class=\"wpforms-recaptcha-hidden\" style=\"position:absolute!important;clip:rect(0,0,0,0)!important;height:1px!important;width:1px!important;border:0!important;overflow:hidden!important;padding:0!important;margin:0!important;\" data-rule-recaptcha=\"1\"><\/div><div class=\"wpforms-submit-container\" ><input type=\"hidden\" name=\"wpforms[id]\" value=\"22893\"><input type=\"hidden\" name=\"page_title\" value=\"\"><input type=\"hidden\" name=\"page_url\" value=\"https:\/\/de.dasakademie.com\/es\/wp-json\/wp\/v2\/pages\/20659\"><input type=\"hidden\" name=\"url_referer\" value=\"\"><button type=\"submit\" name=\"wpforms[submit]\" id=\"wpforms-submit-22893\" class=\"wpforms-submit\" data-alt-text=\"Submitting...\" data-submit-text=\"Submit\" aria-live=\"assertive\" value=\"wpforms-submit\">Enviar<\/button><img decoding=\"async\" src=\"data:image\/gif;base64,R0lGODlhAQABAAAAACH5BAEKAAEALAAAAAABAAEAAAICTAEAOw==\" class=\"wpforms-submit-spinner lazyload\" style=\"display: none;\" width=\"26\" height=\"26\" alt=\"Cargando\" title=\"\" data-src=\"https:\/\/de.dasakademie.com\/wp-content\/plugins\/wpforms\/assets\/images\/submit-spin.svg\"><\/div><input type=\"hidden\" name=\"trp-form-language\" value=\"es\"\/><\/form><\/div>  <!-- .wpforms-container -->\t\t\t\t<\/div>\n\t\t\t\t<\/div>\n\t\t\t\t\t<\/div>\n\t\t<\/div>\n\t\t\t\t\t<\/div>\n\t\t<\/section>\n\t\t\t\t<section data-particle_enable=\"false\" data-particle-mobile-disabled=\"false\" class=\"elementor-section elementor-top-section elementor-element elementor-element-ad73f3d elementor-section-content-middle elementor-section-boxed elementor-section-height-default elementor-section-height-default\" data-id=\"ad73f3d\" data-element_type=\"section\" data-settings=\"{&quot;background_background&quot;:&quot;classic&quot;}\">\n\t\t\t\t\t\t<div class=\"elementor-container elementor-column-gap-no\">\n\t\t\t\t\t<div class=\"elementor-column elementor-col-100 elementor-top-column elementor-element elementor-element-72a0d30\" data-id=\"72a0d30\" data-element_type=\"column\">\n\t\t\t<div class=\"elementor-widget-wrap elementor-element-populated\">\n\t\t\t\t\t\t<div class=\"elementor-element elementor-element-7907cb4 elementor-widget elementor-widget-heading\" data-id=\"7907cb4\" data-element_type=\"widget\" data-widget_type=\"heading.default\">\n\t\t\t\t<div class=\"elementor-widget-container\">\n\t\t\t\t\t<h2 class=\"elementor-heading-title elementor-size-default\">Legal Information<\/h2>\t\t\t\t<\/div>\n\t\t\t\t<\/div>\n\t\t\t\t<section data-particle_enable=\"false\" data-particle-mobile-disabled=\"false\" class=\"elementor-section elementor-inner-section elementor-element elementor-element-50c7a2b elementor-section-content-middle elementor-section-boxed elementor-section-height-default elementor-section-height-default\" data-id=\"50c7a2b\" data-element_type=\"section\">\n\t\t\t\t\t\t<div class=\"elementor-container elementor-column-gap-no\">\n\t\t\t\t\t<div class=\"elementor-column elementor-col-33 elementor-inner-column elementor-element elementor-element-c606f1d\" data-id=\"c606f1d\" data-element_type=\"column\">\n\t\t\t<div class=\"elementor-widget-wrap elementor-element-populated\">\n\t\t\t\t\t\t<div class=\"elementor-element elementor-element-6bec7bf elementor-widget elementor-widget-heading\" data-id=\"6bec7bf\" data-element_type=\"widget\" data-widget_type=\"heading.default\">\n\t\t\t\t<div class=\"elementor-widget-container\">\n\t\t\t\t\t<h4 class=\"elementor-heading-title elementor-size-default\"><a href=\"https:\/\/de.dasakademie.com\/es\/impressum\/\" target=\"_blank\" rel=\"nofollow\">Impressum<\/a><\/h4>\t\t\t\t<\/div>\n\t\t\t\t<\/div>\n\t\t\t\t\t<\/div>\n\t\t<\/div>\n\t\t\t\t<div class=\"elementor-column elementor-col-33 elementor-inner-column elementor-element elementor-element-b6420e3\" data-id=\"b6420e3\" data-element_type=\"column\">\n\t\t\t<div class=\"elementor-widget-wrap elementor-element-populated\">\n\t\t\t\t\t\t<div class=\"elementor-element elementor-element-c85b662 elementor-widget elementor-widget-heading\" data-id=\"c85b662\" data-element_type=\"widget\" data-widget_type=\"heading.default\">\n\t\t\t\t<div class=\"elementor-widget-container\">\n\t\t\t\t\t<h4 class=\"elementor-heading-title elementor-size-default\"><a href=\"https:\/\/de.dasakademie.com\/es\/privacy-statement\/\" target=\"_blank\" rel=\"nofollow\">Datenschutzerkl\u00e4rung\n<\/a><\/h4>\t\t\t\t<\/div>\n\t\t\t\t<\/div>\n\t\t\t\t\t<\/div>\n\t\t<\/div>\n\t\t\t\t<div class=\"elementor-column elementor-col-33 elementor-inner-column elementor-element elementor-element-3dd1dc8\" data-id=\"3dd1dc8\" data-element_type=\"column\">\n\t\t\t<div class=\"elementor-widget-wrap elementor-element-populated\">\n\t\t\t\t\t\t<div class=\"elementor-element elementor-element-9fc4d4d elementor-widget elementor-widget-heading\" data-id=\"9fc4d4d\" data-element_type=\"widget\" data-widget_type=\"heading.default\">\n\t\t\t\t<div class=\"elementor-widget-container\">\n\t\t\t\t\t<h4 class=\"elementor-heading-title elementor-size-default\"><a href=\"https:\/\/de.dasakademie.com\/es\/allgemeine-geschaeftsbedingungen\/\" target=\"_blank\" rel=\"nofollow\">AGB<\/a><\/h4>\t\t\t\t<\/div>\n\t\t\t\t<\/div>\n\t\t\t\t\t<\/div>\n\t\t<\/div>\n\t\t\t\t\t<\/div>\n\t\t<\/section>\n\t\t\t\t\t<\/div>\n\t\t<\/div>\n\t\t\t\t\t<\/div>\n\t\t<\/section>\n\t\t\t\t<\/div>","protected":false},"excerpt":{"rendered":"<p>Register in 2 minutes! Online registration at DAS Akademie is a simple process. If you are interested in signing up for one of our acclaimed courses, simply fill out the form below. After you have submitted the registration form, our team will get in touch with you to share all the relevant details for the [&hellip;]<\/p>","protected":false},"author":4,"featured_media":0,"parent":0,"menu_order":0,"comment_status":"closed","ping_status":"closed","template":"","meta":{"ocean_post_layout":"full-width","ocean_both_sidebars_style":"","ocean_both_sidebars_content_width":0,"ocean_both_sidebars_sidebars_width":0,"ocean_sidebar":"0","ocean_second_sidebar":"0","ocean_disable_margins":"enable","ocean_add_body_class":"","ocean_shortcode_before_top_bar":"","ocean_shortcode_after_top_bar":"","ocean_shortcode_before_header":"","ocean_shortcode_after_header":"","ocean_has_shortcode":"","ocean_shortcode_after_title":"","ocean_shortcode_before_footer_widgets":"","ocean_shortcode_after_footer_widgets":"","ocean_shortcode_before_footer_bottom":"","ocean_shortcode_after_footer_bottom":"","ocean_display_top_bar":"default","ocean_display_header":"default","ocean_header_style":"","ocean_center_header_left_menu":"0","ocean_custom_header_template":"0","ocean_custom_logo":0,"ocean_custom_retina_logo":0,"ocean_custom_logo_max_width":0,"ocean_custom_logo_tablet_max_width":0,"ocean_custom_logo_mobile_max_width":0,"ocean_custom_logo_max_height":0,"ocean_custom_logo_tablet_max_height":0,"ocean_custom_logo_mobile_max_height":0,"ocean_header_custom_menu":"0","ocean_menu_typo_font_family":"0","ocean_menu_typo_font_subset":"","ocean_menu_typo_font_size":0,"ocean_menu_typo_font_size_tablet":0,"ocean_menu_typo_font_size_mobile":0,"ocean_menu_typo_font_size_unit":"px","ocean_menu_typo_font_weight":"","ocean_menu_typo_font_weight_tablet":"","ocean_menu_typo_font_weight_mobile":"","ocean_menu_typo_transform":"","ocean_menu_typo_transform_tablet":"","ocean_menu_typo_transform_mobile":"","ocean_menu_typo_line_height":0,"ocean_menu_typo_line_height_tablet":0,"ocean_menu_typo_line_height_mobile":0,"ocean_menu_typo_line_height_unit":"","ocean_menu_typo_spacing":0,"ocean_menu_typo_spacing_tablet":0,"ocean_menu_typo_spacing_mobile":0,"ocean_menu_typo_spacing_unit":"","ocean_menu_link_color":"","ocean_menu_link_color_hover":"","ocean_menu_link_color_active":"","ocean_menu_link_background":"","ocean_menu_link_hover_background":"","ocean_menu_link_active_background":"","ocean_menu_social_links_bg":"","ocean_menu_social_hover_links_bg":"","ocean_menu_social_links_color":"","ocean_menu_social_hover_links_color":"","ocean_disable_title":"on","ocean_disable_heading":"default","ocean_post_title":"","ocean_post_subheading":"","ocean_post_title_style":"","ocean_post_title_background_color":"","ocean_post_title_background":0,"ocean_post_title_bg_image_position":"","ocean_post_title_bg_image_attachment":"","ocean_post_title_bg_image_repeat":"","ocean_post_title_bg_image_size":"","ocean_post_title_height":0,"ocean_post_title_bg_overlay":0.5,"ocean_post_title_bg_overlay_color":"","ocean_disable_breadcrumbs":"off","ocean_breadcrumbs_color":"","ocean_breadcrumbs_separator_color":"","ocean_breadcrumbs_links_color":"","ocean_breadcrumbs_links_hover_color":"","ocean_display_footer_widgets":"off","ocean_display_footer_bottom":"off","ocean_custom_footer_template":"0","footnotes":""},"class_list":["post-20659","page","type-page","status-publish","hentry","entry"],"_links":{"self":[{"href":"https:\/\/de.dasakademie.com\/es\/wp-json\/wp\/v2\/pages\/20659","targetHints":{"allow":["GET"]}}],"collection":[{"href":"https:\/\/de.dasakademie.com\/es\/wp-json\/wp\/v2\/pages"}],"about":[{"href":"https:\/\/de.dasakademie.com\/es\/wp-json\/wp\/v2\/types\/page"}],"author":[{"embeddable":true,"href":"https:\/\/de.dasakademie.com\/es\/wp-json\/wp\/v2\/users\/4"}],"replies":[{"embeddable":true,"href":"https:\/\/de.dasakademie.com\/es\/wp-json\/wp\/v2\/comments?post=20659"}],"version-history":[{"count":3,"href":"https:\/\/de.dasakademie.com\/es\/wp-json\/wp\/v2\/pages\/20659\/revisions"}],"predecessor-version":[{"id":31387,"href":"https:\/\/de.dasakademie.com\/es\/wp-json\/wp\/v2\/pages\/20659\/revisions\/31387"}],"wp:attachment":[{"href":"https:\/\/de.dasakademie.com\/es\/wp-json\/wp\/v2\/media?parent=20659"}],"curies":[{"name":"wp","href":"https:\/\/api.w.org\/{rel}","templated":true}]}}